{"id":2926,"date":"2025-03-25T14:30:37","date_gmt":"2025-03-25T17:30:37","guid":{"rendered":"https:\/\/padi.org.br\/?page_id=2926"},"modified":"2025-03-26T07:53:34","modified_gmt":"2025-03-26T10:53:34","slug":"padicast","status":"publish","type":"page","link":"https:\/\/padi.org.br\/en\/padicast\/","title":{"rendered":"PADICast"},"content":{"rendered":"<div data-elementor-type=\"wp-page\" data-elementor-id=\"2926\" class=\"elementor elementor-2926\" data-elementor-post-type=\"page\">\n\t\t\t\t<div class=\"elementor-element elementor-element-e6f2ff9 e-flex e-con-boxed e-con e-parent\" data-id=\"e6f2ff9\" data-element_type=\"container\">\n\t\t\t\t\t<div class=\"e-con-inner\">\n\t\t\t\t<div class=\"elementor-element elementor-element-f839b12 elementor-widget elementor-widget-heading\" data-id=\"f839b12\" data-element_type=\"widget\" data-widget_type=\"heading.default\">\n\t\t\t\t<div class=\"elementor-widget-container\">\n\t\t\t\t\t<h1 class=\"elementor-heading-title elementor-size-default\">PADICast<\/h1>\t\t\t\t<\/div>\n\t\t\t\t<\/div>\n\t\t\t\t<div class=\"elementor-element elementor-element-d54d0f9 elementor-widget elementor-widget-text-editor\" data-id=\"d54d0f9\" data-element_type=\"widget\" data-widget_type=\"text-editor.default\">\n\t\t\t\t<div class=\"elementor-widget-container\">\n\t\t\t\t\t\t\t\t\t<p>O <strong>PADICAST<\/strong> is Padi's official podcast, designed especially for those looking for <strong>exclusive content<\/strong> and relevant about <strong>quality, accreditation, management, patient safety<\/strong> and the main challenges of <strong>Radiology and Diagnostic Imaging<\/strong>.<\/p><p>With episodes released regularly, PADICAST brings inspiring conversations with <strong>experienced guests and references in the sector<\/strong>The event will promote reflection, good practices and practical knowledge for professionals and managers in the field.<\/p><p>Listen whenever and wherever you want, and keep up to date with topics that make a difference in the journey towards excellence in health.<\/p>\t\t\t\t\t\t\t\t<\/div>\n\t\t\t\t<\/div>\n\t\t\t\t<div class=\"elementor-element elementor-element-85717b5 elementor-widget elementor-widget-jet-listing-grid\" data-id=\"85717b5\" data-element_type=\"widget\" data-settings=\"{&quot;columns&quot;:&quot;4&quot;,&quot;columns_tablet&quot;:&quot;2&quot;,&quot;columns_mobile&quot;:&quot;1&quot;}\" data-widget_type=\"jet-listing-grid.default\">\n\t\t\t\t<div class=\"elementor-widget-container\">\n\t\t\t\t\t<div class=\"jet-listing-grid jet-listing\"><div class=\"jet-listing-grid__items grid-col-desk-4 grid-col-tablet-2 grid-col-mobile-1 jet-listing-grid--2912 jet-equal-columns__wrapper grid-collapse-gap\" data-queried-id=\"2926|WP_Post\" data-nav=\"{&quot;enabled&quot;:true,&quot;type&quot;:&quot;click&quot;,&quot;more_el&quot;:&quot;#btn-load-more&quot;,&quot;query&quot;:{&quot;post_status&quot;:[&quot;publish&quot;],&quot;post_type&quot;:&quot;videospodcasts&quot;,&quot;posts_per_page&quot;:&quot;9&quot;,&quot;paged&quot;:&quot;1&quot;,&quot;ignore_sticky_posts&quot;:&quot;1&quot;,&quot;tax_query&quot;:[{&quot;taxonomy&quot;:&quot;playlist&quot;,&quot;field&quot;:&quot;slug&quot;,&quot;terms&quot;:[&quot;padicast&quot;],&quot;operator&quot;:&quot;IN&quot;}],&quot;orderby&quot;:&quot;meta_value_num&quot;,&quot;meta_key&quot;:&quot;order&quot;,&quot;meta_type&quot;:&quot;NUMERIC&quot;,&quot;suppress_filters&quot;:false,&quot;jet_smart_filters&quot;:&quot;jet-engine\\\/default&quot;,&quot;signature&quot;:&quot;1cf1eb83030b2f6bf9706d565cc2d304b2d498e25516d94ab1ed562dc7145f4a&quot;},&quot;widget_settings&quot;:{&quot;lisitng_id&quot;:2912,&quot;posts_num&quot;:9,&quot;columns&quot;:4,&quot;columns_tablet&quot;:2,&quot;columns_mobile&quot;:1,&quot;column_min_width&quot;:240,&quot;column_min_width_tablet&quot;:240,&quot;column_min_width_mobile&quot;:240,&quot;inline_columns_css&quot;:false,&quot;is_archive_template&quot;:&quot;&quot;,&quot;post_status&quot;:[&quot;publish&quot;],&quot;use_random_posts_num&quot;:&quot;&quot;,&quot;max_posts_num&quot;:9,&quot;not_found_message&quot;:&quot;Nenhum podcast encontrado&quot;,&quot;is_masonry&quot;:false,&quot;equal_columns_height&quot;:&quot;yes&quot;,&quot;use_load_more&quot;:&quot;yes&quot;,&quot;load_more_id&quot;:&quot;btn-load-more&quot;,&quot;load_more_type&quot;:&quot;click&quot;,&quot;load_more_offset&quot;:{&quot;unit&quot;:&quot;px&quot;,&quot;size&quot;:0,&quot;sizes&quot;:[]},&quot;use_custom_post_types&quot;:&quot;&quot;,&quot;custom_post_types&quot;:[],&quot;hide_widget_if&quot;:&quot;&quot;,&quot;carousel_enabled&quot;:&quot;&quot;,&quot;slides_to_scroll&quot;:&quot;1&quot;,&quot;arrows&quot;:&quot;true&quot;,&quot;arrow_icon&quot;:&quot;fa fa-angle-left&quot;,&quot;dots&quot;:&quot;&quot;,&quot;autoplay&quot;:&quot;true&quot;,&quot;pause_on_hover&quot;:&quot;true&quot;,&quot;autoplay_speed&quot;:5000,&quot;infinite&quot;:&quot;true&quot;,&quot;center_mode&quot;:&quot;&quot;,&quot;effect&quot;:&quot;slide&quot;,&quot;speed&quot;:500,&quot;inject_alternative_items&quot;:&quot;&quot;,&quot;injection_items&quot;:[],&quot;scroll_slider_enabled&quot;:&quot;&quot;,&quot;scroll_slider_on&quot;:[&quot;desktop&quot;,&quot;tablet&quot;,&quot;mobile&quot;],&quot;custom_query&quot;:false,&quot;custom_query_id&quot;:&quot;&quot;,&quot;_element_id&quot;:&quot;&quot;,&quot;collapse_first_last_gap&quot;:&quot;true&quot;,&quot;list_tag_selection&quot;:&quot;&quot;,&quot;list_items_wrapper_tag&quot;:&quot;div&quot;,&quot;list_item_tag&quot;:&quot;div&quot;,&quot;empty_items_wrapper_tag&quot;:&quot;div&quot;}}\" data-page=\"1\" data-pages=\"1\" data-listing-source=\"posts\" data-listing-id=\"2912\" data-query-id=\"\"><div class=\"jet-listing-grid__item jet-listing-dynamic-post-3101 jet-equal-columns\" data-post-id=\"3101\"  >\t\t<div data-elementor-type=\"jet-listing-items\" data-elementor-id=\"2912\" class=\"elementor elementor-2912\" data-elementor-post-type=\"jet-engine\">\n\t\t\t\t<div class=\"elementor-element elementor-element-7fa5a23 e-flex e-con-boxed e-con e-parent\" data-id=\"7fa5a23\" data-element_type=\"container\">\n\t\t\t\t\t<div class=\"e-con-inner\">\n\t\t\t\t<div class=\"jet-popup-target elementor-element elementor-element-75204f1 elementor-widget elementor-widget-theme-post-featured-image elementor-widget-image\" data-jet-popup=\"{&quot;attached-popup&quot;:&quot;jet-popup-2913&quot;,&quot;trigger-type&quot;:&quot;click-self&quot;,&quot;trigger-custom-selector&quot;:&quot;&quot;,&quot;is-jet-engine&quot;:true}\" data-id=\"75204f1\" data-element_type=\"widget\" data-widget_type=\"theme-post-featured-image.default\">\n\t\t\t\t<div class=\"elementor-widget-container\">\n\t\t\t\t\t\t\t\t\t\t\t\t\t\t\t<img fetchpriority=\"high\" decoding=\"async\" width=\"768\" height=\"768\" src=\"https:\/\/padi.org.br\/wp-content\/uploads\/2025\/07\/Post_Padicast_Ep04-768x768.jpg\" class=\"attachment-medium_large size-medium_large wp-image-3102\" alt=\"\" srcset=\"https:\/\/padi.org.br\/wp-content\/uploads\/2025\/07\/Post_Padicast_Ep04-768x768.jpg 768w, https:\/\/padi.org.br\/wp-content\/uploads\/2025\/07\/Post_Padicast_Ep04-300x300.jpg 300w, https:\/\/padi.org.br\/wp-content\/uploads\/2025\/07\/Post_Padicast_Ep04-150x150.jpg 150w, https:\/\/padi.org.br\/wp-content\/uploads\/2025\/07\/Post_Padicast_Ep04-12x12.jpg 12w, https:\/\/padi.org.br\/wp-content\/uploads\/2025\/07\/Post_Padicast_Ep04.jpg 1000w\" sizes=\"(max-width: 768px) 100vw, 768px\" \/>\t\t\t\t\t\t\t\t\t\t\t\t\t\t\t<\/div>\n\t\t\t\t<\/div>\n\t\t\t\t<div class=\"jet-popup-target elementor-element elementor-element-1ccf048 elementor-widget elementor-widget-heading\" data-jet-popup=\"{&quot;attached-popup&quot;:&quot;jet-popup-2913&quot;,&quot;trigger-type&quot;:&quot;click-self&quot;,&quot;trigger-custom-selector&quot;:&quot;&quot;,&quot;is-jet-engine&quot;:true}\" data-id=\"1ccf048\" data-element_type=\"widget\" data-widget_type=\"heading.default\">\n\t\t\t\t<div class=\"elementor-widget-container\">\n\t\t\t\t\t<h2 class=\"elementor-heading-title elementor-size-default\">PadiCast \u2013 Episode 4 \u2013 The Three Pillars of Sustainability<\/h2>\t\t\t\t<\/div>\n\t\t\t\t<\/div>\n\t\t\t\t<div class=\"elementor-element elementor-element-53fa8c2 elementor-widget elementor-widget-jet-listing-dynamic-field\" data-id=\"53fa8c2\" data-element_type=\"widget\" data-widget_type=\"jet-listing-dynamic-field.default\">\n\t\t\t\t<div class=\"elementor-widget-container\">\n\t\t\t\t\t<div class=\"jet-listing jet-listing-dynamic-field display-inline\"><div class=\"jet-listing-dynamic-field__inline-wrap\"><div class=\"jet-listing-dynamic-field__content\"><p style=\"margin-bottom: 0;\"><strong>Guests: <\/strong><\/p><p>Dr. Rui Guimar\u00e3es and Rodrigo Lanakan\u00e1 <\/p>\n<p>Moderator: Anderson Mattozinhos <\/p>\n<\/div><\/div><\/div>\t\t\t\t<\/div>\n\t\t\t\t<\/div>\n\t\t\t\t\t<\/div>\n\t\t\t\t<\/div>\n\t\t\t\t<\/div>\n\t\t<\/div><div class=\"jet-listing-grid__item jet-listing-dynamic-post-3099 jet-equal-columns\" data-post-id=\"3099\"  >\t\t<div data-elementor-type=\"jet-listing-items\" data-elementor-id=\"2912\" class=\"elementor elementor-2912\" data-elementor-post-type=\"jet-engine\">\n\t\t\t\t<div class=\"elementor-element elementor-element-7fa5a23 e-flex e-con-boxed e-con e-parent\" data-id=\"7fa5a23\" data-element_type=\"container\">\n\t\t\t\t\t<div class=\"e-con-inner\">\n\t\t\t\t<div class=\"jet-popup-target elementor-element elementor-element-75204f1 elementor-widget elementor-widget-theme-post-featured-image elementor-widget-image\" data-jet-popup=\"{&quot;attached-popup&quot;:&quot;jet-popup-2913&quot;,&quot;trigger-type&quot;:&quot;click-self&quot;,&quot;trigger-custom-selector&quot;:&quot;&quot;,&quot;is-jet-engine&quot;:true}\" data-id=\"75204f1\" data-element_type=\"widget\" data-widget_type=\"theme-post-featured-image.default\">\n\t\t\t\t<div class=\"elementor-widget-container\">\n\t\t\t\t\t\t\t\t\t\t\t\t\t\t\t<img decoding=\"async\" width=\"768\" height=\"768\" src=\"https:\/\/padi.org.br\/wp-content\/uploads\/2025\/07\/Post_Padicast_Ep03-768x768.jpg\" class=\"attachment-medium_large size-medium_large wp-image-3100\" alt=\"\" srcset=\"https:\/\/padi.org.br\/wp-content\/uploads\/2025\/07\/Post_Padicast_Ep03-768x768.jpg 768w, https:\/\/padi.org.br\/wp-content\/uploads\/2025\/07\/Post_Padicast_Ep03-300x300.jpg 300w, https:\/\/padi.org.br\/wp-content\/uploads\/2025\/07\/Post_Padicast_Ep03-150x150.jpg 150w, https:\/\/padi.org.br\/wp-content\/uploads\/2025\/07\/Post_Padicast_Ep03-12x12.jpg 12w, https:\/\/padi.org.br\/wp-content\/uploads\/2025\/07\/Post_Padicast_Ep03.jpg 1000w\" sizes=\"(max-width: 768px) 100vw, 768px\" \/>\t\t\t\t\t\t\t\t\t\t\t\t\t\t\t<\/div>\n\t\t\t\t<\/div>\n\t\t\t\t<div class=\"jet-popup-target elementor-element elementor-element-1ccf048 elementor-widget elementor-widget-heading\" data-jet-popup=\"{&quot;attached-popup&quot;:&quot;jet-popup-2913&quot;,&quot;trigger-type&quot;:&quot;click-self&quot;,&quot;trigger-custom-selector&quot;:&quot;&quot;,&quot;is-jet-engine&quot;:true}\" data-id=\"1ccf048\" data-element_type=\"widget\" data-widget_type=\"heading.default\">\n\t\t\t\t<div class=\"elementor-widget-container\">\n\t\t\t\t\t<h2 class=\"elementor-heading-title elementor-size-default\">PadiCast \u2013 Episode 3 \u2013 Internal quality audits: How can they be an important tool for improvement?<\/h2>\t\t\t\t<\/div>\n\t\t\t\t<\/div>\n\t\t\t\t<div class=\"elementor-element elementor-element-53fa8c2 elementor-widget elementor-widget-jet-listing-dynamic-field\" data-id=\"53fa8c2\" data-element_type=\"widget\" data-widget_type=\"jet-listing-dynamic-field.default\">\n\t\t\t\t<div class=\"elementor-widget-container\">\n\t\t\t\t\t<div class=\"jet-listing jet-listing-dynamic-field display-inline\"><div class=\"jet-listing-dynamic-field__inline-wrap\"><div class=\"jet-listing-dynamic-field__content\"><p style=\"margin-bottom: 0;\"><strong>Guests: <\/strong><\/p><p>Helen Moreira<\/p>\n<p>Moderator:<br \/>\nAnderson Mattozinhos<\/p>\n<\/div><\/div><\/div>\t\t\t\t<\/div>\n\t\t\t\t<\/div>\n\t\t\t\t\t<\/div>\n\t\t\t\t<\/div>\n\t\t\t\t<\/div>\n\t\t<\/div><div class=\"jet-listing-grid__item jet-listing-dynamic-post-2938 jet-equal-columns\" data-post-id=\"2938\"  >\t\t<div data-elementor-type=\"jet-listing-items\" data-elementor-id=\"2912\" class=\"elementor elementor-2912\" data-elementor-post-type=\"jet-engine\">\n\t\t\t\t<div class=\"elementor-element elementor-element-7fa5a23 e-flex e-con-boxed e-con e-parent\" data-id=\"7fa5a23\" data-element_type=\"container\">\n\t\t\t\t\t<div class=\"e-con-inner\">\n\t\t\t\t<div class=\"jet-popup-target elementor-element elementor-element-75204f1 elementor-widget elementor-widget-theme-post-featured-image elementor-widget-image\" data-jet-popup=\"{&quot;attached-popup&quot;:&quot;jet-popup-2913&quot;,&quot;trigger-type&quot;:&quot;click-self&quot;,&quot;trigger-custom-selector&quot;:&quot;&quot;,&quot;is-jet-engine&quot;:true}\" data-id=\"75204f1\" data-element_type=\"widget\" data-widget_type=\"theme-post-featured-image.default\">\n\t\t\t\t<div class=\"elementor-widget-container\">\n\t\t\t\t\t\t\t\t\t\t\t\t\t\t\t<img decoding=\"async\" width=\"223\" height=\"221\" src=\"https:\/\/padi.org.br\/wp-content\/uploads\/2025\/03\/EP_02_PadiCast.png\" class=\"attachment-medium_large size-medium_large wp-image-2940\" alt=\"\" srcset=\"https:\/\/padi.org.br\/wp-content\/uploads\/2025\/03\/EP_02_PadiCast.png 223w, https:\/\/padi.org.br\/wp-content\/uploads\/2025\/03\/EP_02_PadiCast-150x150.png 150w\" sizes=\"(max-width: 223px) 100vw, 223px\" \/>\t\t\t\t\t\t\t\t\t\t\t\t\t\t\t<\/div>\n\t\t\t\t<\/div>\n\t\t\t\t<div class=\"jet-popup-target elementor-element elementor-element-1ccf048 elementor-widget elementor-widget-heading\" data-jet-popup=\"{&quot;attached-popup&quot;:&quot;jet-popup-2913&quot;,&quot;trigger-type&quot;:&quot;click-self&quot;,&quot;trigger-custom-selector&quot;:&quot;&quot;,&quot;is-jet-engine&quot;:true}\" data-id=\"1ccf048\" data-element_type=\"widget\" data-widget_type=\"heading.default\">\n\t\t\t\t<div class=\"elementor-widget-container\">\n\t\t\t\t\t<h2 class=\"elementor-heading-title elementor-size-default\">PadiCast \u2013 Episode 2 \u2013 Communicating value in radiology.<\/h2>\t\t\t\t<\/div>\n\t\t\t\t<\/div>\n\t\t\t\t<div class=\"elementor-element elementor-element-53fa8c2 elementor-widget elementor-widget-jet-listing-dynamic-field\" data-id=\"53fa8c2\" data-element_type=\"widget\" data-widget_type=\"jet-listing-dynamic-field.default\">\n\t\t\t\t<div class=\"elementor-widget-container\">\n\t\t\t\t\t<div class=\"jet-listing jet-listing-dynamic-field display-inline\"><div class=\"jet-listing-dynamic-field__inline-wrap\"><div class=\"jet-listing-dynamic-field__content\"><p style=\"margin-bottom: 0;\"><strong>Guests: <\/strong><\/p><p>Dr. Aline Mori\u00e3o<\/p>\n<p>Moderator:<br \/>\nAnderson Mattozinhos<\/p>\n<\/div><\/div><\/div>\t\t\t\t<\/div>\n\t\t\t\t<\/div>\n\t\t\t\t\t<\/div>\n\t\t\t\t<\/div>\n\t\t\t\t<\/div>\n\t\t<\/div><div class=\"jet-listing-grid__item jet-listing-dynamic-post-2915 jet-equal-columns\" data-post-id=\"2915\"  >\t\t<div data-elementor-type=\"jet-listing-items\" data-elementor-id=\"2912\" class=\"elementor elementor-2912\" data-elementor-post-type=\"jet-engine\">\n\t\t\t\t<div class=\"elementor-element elementor-element-7fa5a23 e-flex e-con-boxed e-con e-parent\" data-id=\"7fa5a23\" data-element_type=\"container\">\n\t\t\t\t\t<div class=\"e-con-inner\">\n\t\t\t\t<div class=\"jet-popup-target elementor-element elementor-element-75204f1 elementor-widget elementor-widget-theme-post-featured-image elementor-widget-image\" data-jet-popup=\"{&quot;attached-popup&quot;:&quot;jet-popup-2913&quot;,&quot;trigger-type&quot;:&quot;click-self&quot;,&quot;trigger-custom-selector&quot;:&quot;&quot;,&quot;is-jet-engine&quot;:true}\" data-id=\"75204f1\" data-element_type=\"widget\" data-widget_type=\"theme-post-featured-image.default\">\n\t\t\t\t<div class=\"elementor-widget-container\">\n\t\t\t\t\t\t\t\t\t\t\t\t\t\t\t<img loading=\"lazy\" decoding=\"async\" width=\"768\" height=\"768\" src=\"https:\/\/padi.org.br\/wp-content\/uploads\/2025\/03\/Post_Padicast_Ep01-768x768.jpg\" class=\"attachment-medium_large size-medium_large wp-image-2969\" alt=\"\" srcset=\"https:\/\/padi.org.br\/wp-content\/uploads\/2025\/03\/Post_Padicast_Ep01-768x768.jpg 768w, https:\/\/padi.org.br\/wp-content\/uploads\/2025\/03\/Post_Padicast_Ep01-300x300.jpg 300w, https:\/\/padi.org.br\/wp-content\/uploads\/2025\/03\/Post_Padicast_Ep01-150x150.jpg 150w, https:\/\/padi.org.br\/wp-content\/uploads\/2025\/03\/Post_Padicast_Ep01.jpg 1000w\" sizes=\"(max-width: 768px) 100vw, 768px\" \/>\t\t\t\t\t\t\t\t\t\t\t\t\t\t\t<\/div>\n\t\t\t\t<\/div>\n\t\t\t\t<div class=\"jet-popup-target elementor-element elementor-element-1ccf048 elementor-widget elementor-widget-heading\" data-jet-popup=\"{&quot;attached-popup&quot;:&quot;jet-popup-2913&quot;,&quot;trigger-type&quot;:&quot;click-self&quot;,&quot;trigger-custom-selector&quot;:&quot;&quot;,&quot;is-jet-engine&quot;:true}\" data-id=\"1ccf048\" data-element_type=\"widget\" data-widget_type=\"heading.default\">\n\t\t\t\t<div class=\"elementor-widget-container\">\n\t\t\t\t\t<h2 class=\"elementor-heading-title elementor-size-default\">PadiCast \u2013 Episode 1 \u2013 PADI Revolutionizing Radiology<\/h2>\t\t\t\t<\/div>\n\t\t\t\t<\/div>\n\t\t\t\t<div class=\"elementor-element elementor-element-53fa8c2 elementor-widget elementor-widget-jet-listing-dynamic-field\" data-id=\"53fa8c2\" data-element_type=\"widget\" data-widget_type=\"jet-listing-dynamic-field.default\">\n\t\t\t\t<div class=\"elementor-widget-container\">\n\t\t\t\t\t<div class=\"jet-listing jet-listing-dynamic-field display-inline\"><div class=\"jet-listing-dynamic-field__inline-wrap\"><div class=\"jet-listing-dynamic-field__content\"><p style=\"margin-bottom: 0;\"><strong>Guests: <\/strong><\/p><p>Dr. Claudia Meira<br \/>\nDr. Cristina Khawali<\/p>\n<p>Moderator:<br \/>\nAnderson Mattozinhos<\/p>\n<\/div><\/div><\/div>\t\t\t\t<\/div>\n\t\t\t\t<\/div>\n\t\t\t\t\t<\/div>\n\t\t\t\t<\/div>\n\t\t\t\t<\/div>\n\t\t<\/div><\/div><div class=\"jet-listing-grid__loader\"><div class=\"jet-listing-grid__loader-spinner\"><\/div><\/div><\/div>\t\t\t\t<\/div>\n\t\t\t\t<\/div>\n\t\t\t\t<div class=\"elementor-element elementor-element-1a5b909 elementor-align-center elementor-widget elementor-widget-button\" data-id=\"1a5b909\" data-element_type=\"widget\" data-widget_type=\"button.default\">\n\t\t\t\t<div class=\"elementor-widget-container\">\n\t\t\t\t\t\t\t\t\t<div class=\"elementor-button-wrapper\">\n\t\t\t\t\t<a class=\"elementor-button elementor-button-link elementor-size-sm\" href=\"#\" id=\"btn-load-more\">\n\t\t\t\t\t\t<span class=\"elementor-button-content-wrapper\">\n\t\t\t\t\t\t\t\t\t<span class=\"elementor-button-text\">Load more<\/span>\n\t\t\t\t\t<\/span>\n\t\t\t\t\t<\/a>\n\t\t\t\t<\/div>\n\t\t\t\t\t\t\t\t<\/div>\n\t\t\t\t<\/div>\n\t\t\t\t\t<\/div>\n\t\t\t\t<\/div>\n\t\t\t\t<\/div>","protected":false},"excerpt":{"rendered":"<p>PADICast PADICAST is Padi's official podcast, designed especially for those looking for exclusive and relevant content on quality, accreditation, management, patient safety and the main challenges facing Radiology and Diagnostic Imaging. With episodes released regularly, PADICAST brings inspiring conversations with experienced guests and references in the sector, promoting reflection, good practices [...]<\/p>","protected":false},"author":9,"featured_media":0,"parent":0,"menu_order":0,"comment_status":"closed","ping_status":"closed","template":"","meta":{"_acf_changed":false,"footnotes":""},"class_list":["post-2926","page","type-page","status-publish","hentry"],"acf":[],"yoast_head":"<!-- This site is optimized with the Yoast SEO plugin v25.9 - https:\/\/yoast.com\/wordpress\/plugins\/seo\/ -->\n<title>PADICast - Padi<\/title>\n<meta name=\"robots\" content=\"index, follow, max-snippet:-1, max-image-preview:large, max-video-preview:-1\" \/>\n<link rel=\"canonical\" href=\"https:\/\/padi.org.br\/en\/padicast\/\" \/>\n<meta property=\"og:locale\" content=\"en_US\" \/>\n<meta property=\"og:type\" content=\"article\" \/>\n<meta property=\"og:title\" content=\"PADICast - Padi\" \/>\n<meta property=\"og:description\" content=\"PADICast O PADICAST \u00e9 o podcast oficial do Padi, pensado especialmente para quem busca conte\u00fado exclusivo e relevante sobre qualidade, acredita\u00e7\u00e3o, gest\u00e3o, seguran\u00e7a do paciente e os principais desafios da Radiologia e Diagn\u00f3stico por Imagem. Com epis\u00f3dios lan\u00e7ados regularmente, o PADICAST traz conversas inspiradoras com convidados experientes e refer\u00eancias no setor, promovendo reflex\u00f5es, boas pr\u00e1ticas [&hellip;]\" \/>\n<meta property=\"og:url\" content=\"https:\/\/padi.org.br\/en\/padicast\/\" \/>\n<meta property=\"og:site_name\" content=\"Padi\" \/>\n<meta property=\"article:modified_time\" content=\"2025-03-26T10:53:34+00:00\" \/>\n<meta name=\"twitter:card\" content=\"summary_large_image\" \/>\n<meta name=\"twitter:label1\" content=\"Est. reading time\" \/>\n\t<meta name=\"twitter:data1\" content=\"2 minutes\" \/>\n<script type=\"application\/ld+json\" class=\"yoast-schema-graph\">{\"@context\":\"https:\/\/schema.org\",\"@graph\":[{\"@type\":\"WebPage\",\"@id\":\"https:\/\/padi.org.br\/padicast\/\",\"url\":\"https:\/\/padi.org.br\/padicast\/\",\"name\":\"PADICast - Padi\",\"isPartOf\":{\"@id\":\"https:\/\/padi.org.br\/#website\"},\"datePublished\":\"2025-03-25T17:30:37+00:00\",\"dateModified\":\"2025-03-26T10:53:34+00:00\",\"breadcrumb\":{\"@id\":\"https:\/\/padi.org.br\/padicast\/#breadcrumb\"},\"inLanguage\":\"en-US\",\"potentialAction\":[{\"@type\":\"ReadAction\",\"target\":[\"https:\/\/padi.org.br\/padicast\/\"]}]},{\"@type\":\"BreadcrumbList\",\"@id\":\"https:\/\/padi.org.br\/padicast\/#breadcrumb\",\"itemListElement\":[{\"@type\":\"ListItem\",\"position\":1,\"name\":\"In\u00edcio\",\"item\":\"https:\/\/padi.org.br\/\"},{\"@type\":\"ListItem\",\"position\":2,\"name\":\"PADICast\"}]},{\"@type\":\"WebSite\",\"@id\":\"https:\/\/padi.org.br\/#website\",\"url\":\"https:\/\/padi.org.br\/\",\"name\":\"Padi\",\"description\":\"\",\"potentialAction\":[{\"@type\":\"SearchAction\",\"target\":{\"@type\":\"EntryPoint\",\"urlTemplate\":\"https:\/\/padi.org.br\/?s={search_term_string}\"},\"query-input\":{\"@type\":\"PropertyValueSpecification\",\"valueRequired\":true,\"valueName\":\"search_term_string\"}}],\"inLanguage\":\"en-US\"}]}<\/script>\n<!-- \/ Yoast SEO plugin. -->","yoast_head_json":{"title":"PADICast - Padi","robots":{"index":"index","follow":"follow","max-snippet":"max-snippet:-1","max-image-preview":"max-image-preview:large","max-video-preview":"max-video-preview:-1"},"canonical":"https:\/\/padi.org.br\/en\/padicast\/","og_locale":"en_US","og_type":"article","og_title":"PADICast - Padi","og_description":"PADICast O PADICAST \u00e9 o podcast oficial do Padi, pensado especialmente para quem busca conte\u00fado exclusivo e relevante sobre qualidade, acredita\u00e7\u00e3o, gest\u00e3o, seguran\u00e7a do paciente e os principais desafios da Radiologia e Diagn\u00f3stico por Imagem. Com epis\u00f3dios lan\u00e7ados regularmente, o PADICAST traz conversas inspiradoras com convidados experientes e refer\u00eancias no setor, promovendo reflex\u00f5es, boas pr\u00e1ticas [&hellip;]","og_url":"https:\/\/padi.org.br\/en\/padicast\/","og_site_name":"Padi","article_modified_time":"2025-03-26T10:53:34+00:00","twitter_card":"summary_large_image","twitter_misc":{"Est. reading time":"2 minutes"},"schema":{"@context":"https:\/\/schema.org","@graph":[{"@type":"WebPage","@id":"https:\/\/padi.org.br\/padicast\/","url":"https:\/\/padi.org.br\/padicast\/","name":"PADICast - Padi","isPartOf":{"@id":"https:\/\/padi.org.br\/#website"},"datePublished":"2025-03-25T17:30:37+00:00","dateModified":"2025-03-26T10:53:34+00:00","breadcrumb":{"@id":"https:\/\/padi.org.br\/padicast\/#breadcrumb"},"inLanguage":"en-US","potentialAction":[{"@type":"ReadAction","target":["https:\/\/padi.org.br\/padicast\/"]}]},{"@type":"BreadcrumbList","@id":"https:\/\/padi.org.br\/padicast\/#breadcrumb","itemListElement":[{"@type":"ListItem","position":1,"name":"In\u00edcio","item":"https:\/\/padi.org.br\/"},{"@type":"ListItem","position":2,"name":"PADICast"}]},{"@type":"WebSite","@id":"https:\/\/padi.org.br\/#website","url":"https:\/\/padi.org.br\/","name":"Padi","description":"","potentialAction":[{"@type":"SearchAction","target":{"@type":"EntryPoint","urlTemplate":"https:\/\/padi.org.br\/?s={search_term_string}"},"query-input":{"@type":"PropertyValueSpecification","valueRequired":true,"valueName":"search_term_string"}}],"inLanguage":"en-US"}]}},"_links":{"self":[{"href":"https:\/\/padi.org.br\/en\/wp-json\/wp\/v2\/pages\/2926","targetHints":{"allow":["GET"]}}],"collection":[{"href":"https:\/\/padi.org.br\/en\/wp-json\/wp\/v2\/pages"}],"about":[{"href":"https:\/\/padi.org.br\/en\/wp-json\/wp\/v2\/types\/page"}],"author":[{"embeddable":true,"href":"https:\/\/padi.org.br\/en\/wp-json\/wp\/v2\/users\/9"}],"replies":[{"embeddable":true,"href":"https:\/\/padi.org.br\/en\/wp-json\/wp\/v2\/comments?post=2926"}],"version-history":[{"count":13,"href":"https:\/\/padi.org.br\/en\/wp-json\/wp\/v2\/pages\/2926\/revisions"}],"predecessor-version":[{"id":2965,"href":"https:\/\/padi.org.br\/en\/wp-json\/wp\/v2\/pages\/2926\/revisions\/2965"}],"wp:attachment":[{"href":"https:\/\/padi.org.br\/en\/wp-json\/wp\/v2\/media?parent=2926"}],"curies":[{"name":"wp","href":"https:\/\/api.w.org\/{rel}","templated":true}]}}